{"id":2,"date":"2021-04-03T01:21:30","date_gmt":"2021-04-03T01:21:30","guid":{"rendered":"https:\/\/fusiononelogistics.com\/?page_id=2"},"modified":"2021-04-21T13:35:04","modified_gmt":"2021-04-21T13:35:04","slug":"pagina-ejemplo","status":"publish","type":"page","link":"https:\/\/fusiononelogistics.com\/","title":{"rendered":"P\u00e1gina de ejemplo"},"content":{"rendered":"\n\n\t\t\t\t<img decoding=\"async\" src=\"https:\/\/fusiononelogistics.com\/wp-content\/uploads\/2021\/04\/Recurso-2-1.png\" alt=\"Recurso 2\" itemprop=\"image\" title=\"Recurso 2\" onerror=\"this.style.display='none'\"  \/>\n<h2>\n\t\tTransporte de Carga A\u00e9rea\n\t<\/h2>\n\t\t\t\t<img decoding=\"async\" src=\"https:\/\/fusiononelogistics.com\/wp-content\/uploads\/2021\/04\/Recurso-4.png\" alt=\"Recurso 4\" itemprop=\"image\" title=\"Recurso 4\" onerror=\"this.style.display='none'\"  \/>\n<h2>\n\t\tTransporte de Carga Mar\u00edtima\n\t<\/h2>\n\t\t\t\t<img decoding=\"async\" src=\"https:\/\/fusiononelogistics.com\/wp-content\/uploads\/2021\/04\/Recurso-3-1.png\" alt=\"Recurso 3\" itemprop=\"image\" title=\"Recurso 3\" onerror=\"this.style.display='none'\"  \/>\n<h2>\n\t\tTransporte de Carga Terrestre\n\t<\/h2>\n\t<h4>Env\u00edo de cartas, sobres, paquetes y todo tipo de mercader\u00eda para empresas. Ofrecemos\u00a0nuestro nuevo servicio de consolidacion a nivel internacional desde los Estados Unidos hacia cualquier parte de Colombia, mar\u00edtimo y a\u00e9reo asi como sus compras por Internet.<\/h4>\n\t<p>No tienes que vivir en Estados Unidos, para comprar all\u00ed y tener acceso a las ofertas diarias de las mejores marcas. Con Mia Cargo tendras Estados Unidos en la puerta de tu casa.<\/p>\n\t\t\t\t<img decoding=\"async\" src=\"https:\/\/fusiononelogistics.com\/wp-content\/uploads\/2021\/04\/Recurso-1.png\" alt=\"Recurso 1\" itemprop=\"image\" title=\"Recurso 1\" onerror=\"this.style.display='none'\"  \/>\n\t<p>Env\u00edo internacional puerta a puerta de documentos entre 0.1 y 2 kilogramos que no requieren tr\u00e1mites aduaneros, a m\u00e1s de 150 ciudades, con tiempos de entrega y tarifas competitivas.<\/p>\n<h2>\n\t\tMATERIALES DELICADOS?\n\t<\/h2>\n\t<p>El env\u00edo de materiales peligrosos requiere manejo especial y profesional.<\/p>\n\t<iframe src=\"https:\/\/www.google.com\/maps\/embed\/v1\/place?q=Miami+La+florida&#038;key=AIzaSyD09zQ9PNDNNy9TadMuzRV_UsPUoWKntt8\" aria-hidden=\"true\"><\/iframe>\n\n","protected":false},"excerpt":{"rendered":"<p>Transporte de Carga A\u00e9rea Transporte de Carga Mar\u00edtima Transporte de Carga Terrestre Env\u00edo de cartas, sobres, paquetes y todo tipo de mercader\u00eda para empresas. Ofrecemos\u00a0nuestro nuevo servicio de consolidacion a nivel internacional desde los Estados Unidos hacia cualquier parte de Colombia, mar\u00edtimo y a\u00e9reo asi como sus compras por Internet. No tienes que vivir en&hellip;<\/p>\n","protected":false},"author":1,"featured_media":0,"parent":0,"menu_order":0,"comment_status":"closed","ping_status":"open","template":"","meta":{"om_disable_all_campaigns":false,"footnotes":""},"class_list":["post-2","page","type-page","status-publish","hentry"],"_links":{"self":[{"href":"https:\/\/fusiononelogistics.com\/index.php?rest_route=\/wp\/v2\/pages\/2"}],"collection":[{"href":"https:\/\/fusiononelogistics.com\/index.php?rest_route=\/wp\/v2\/pages"}],"about":[{"href":"https:\/\/fusiononelogistics.com\/index.php?rest_route=\/wp\/v2\/types\/page"}],"author":[{"embeddable":true,"href":"https:\/\/fusiononelogistics.com\/index.php?rest_route=\/wp\/v2\/users\/1"}],"replies":[{"embeddable":true,"href":"https:\/\/fusiononelogistics.com\/index.php?rest_route=%2Fwp%2Fv2%2Fcomments&post=2"}],"version-history":[{"count":10,"href":"https:\/\/fusiononelogistics.com\/index.php?rest_route=\/wp\/v2\/pages\/2\/revisions"}],"predecessor-version":[{"id":51,"href":"https:\/\/fusiononelogistics.com\/index.php?rest_route=\/wp\/v2\/pages\/2\/revisions\/51"}],"wp:attachment":[{"href":"https:\/\/fusiononelogistics.com\/index.php?rest_route=%2Fwp%2Fv2%2Fmedia&parent=2"}],"curies":[{"name":"wp","href":"https:\/\/api.w.org\/{rel}","templated":true}]}}